{"id":2260,"date":"2025-07-09T20:08:50","date_gmt":"2025-07-09T20:08:50","guid":{"rendered":"https:\/\/kahea.ai\/?page_id=2260"},"modified":"2025-08-12T12:02:24","modified_gmt":"2025-08-12T12:02:24","slug":"blog","status":"publish","type":"page","link":"https:\/\/kahea.ai\/es\/blog\/","title":{"rendered":"Blog"},"content":{"rendered":"<div data-elementor-type=\"wp-page\" data-elementor-id=\"2260\" class=\"elementor elementor-2260\" data-elementor-post-type=\"page\">\n\t\t\t\t<div class=\"elementor-element elementor-element-aa55b5b e-flex e-con-boxed e-con e-parent\" data-id=\"aa55b5b\" data-element_type=\"container\" data-settings=\"{&quot;background_background&quot;:&quot;classic&quot;}\">\n\t\t\t\t\t<div class=\"e-con-inner\">\n\t\t\t\t<div class=\"elementor-element elementor-element-62b0a00 elementor-widget elementor-widget-heading\" data-id=\"62b0a00\" data-element_type=\"widget\" data-widget_type=\"heading.default\">\n\t\t\t\t<div class=\"elementor-widget-container\">\n\t\t\t\t\t<h1 class=\"elementor-heading-title elementor-size-default\">Blog<\/h1>\t\t\t\t<\/div>\n\t\t\t\t<\/div>\n\t\t\t\t<div class=\"elementor-element elementor-element-92ba060 elementor-widget__width-initial elementor-widget-tablet__width-initial elementor-widget-mobile__width-inherit elementor-widget elementor-widget-text-editor\" data-id=\"92ba060\" data-element_type=\"widget\" data-widget_type=\"text-editor.default\">\n\t\t\t\t<div class=\"elementor-widget-container\">\n\t\t\t\t\t\t\t\t\t<p>Temas t\u00e9cnicos sobre el sector de las telecomunicaciones y soluciones y desarrollo inform\u00e1ticos.<\/p>\t\t\t\t\t\t\t\t<\/div>\n\t\t\t\t<\/div>\n\t\t\t\t\t<\/div>\n\t\t\t\t<\/div>\n\t\t<div class=\"elementor-element elementor-element-ff064e7 e-flex e-con-boxed e-con e-parent\" data-id=\"ff064e7\" data-element_type=\"container\">\n\t\t\t\t\t<div class=\"e-con-inner\">\n\t\t\t\t<div class=\"elementor-element elementor-element-7e3c04d elementor-posts--align-center blog_list pagination_list elementor-grid-3 elementor-grid-tablet-2 elementor-grid-mobile-1 elementor-posts--thumbnail-top elementor-card-shadow-yes elementor-posts__hover-gradient elementor-widget elementor-widget-posts\" data-id=\"7e3c04d\" data-element_type=\"widget\" data-settings=\"{&quot;cards_row_gap&quot;:{&quot;unit&quot;:&quot;px&quot;,&quot;size&quot;:29,&quot;sizes&quot;:[]},&quot;pagination_type&quot;:&quot;numbers&quot;,&quot;cards_row_gap_tablet&quot;:{&quot;unit&quot;:&quot;px&quot;,&quot;size&quot;:20,&quot;sizes&quot;:[]},&quot;cards_row_gap_mobile&quot;:{&quot;unit&quot;:&quot;px&quot;,&quot;size&quot;:20,&quot;sizes&quot;:[]},&quot;cards_columns&quot;:&quot;3&quot;,&quot;cards_columns_tablet&quot;:&quot;2&quot;,&quot;cards_columns_mobile&quot;:&quot;1&quot;}\" data-widget_type=\"posts.cards\">\n\t\t\t\t<div class=\"elementor-widget-container\">\n\t\t\t\t\t\t\t<div class=\"elementor-posts-container elementor-posts elementor-posts--skin-cards elementor-grid\">\n\t\t\t\t<article class=\"elementor-post elementor-grid-item post-2141 post type-post status-publish format-standard has-post-thumbnail hentry category-blog-article\">\n\t\t\t<div class=\"elementor-post__card\">\n\t\t\t\t<a class=\"elementor-post__thumbnail__link\" href=\"https:\/\/kahea.ai\/es\/ivr-still-matters\/\" tabindex=\"-1\" ><div class=\"elementor-post__thumbnail\"><img fetchpriority=\"high\" decoding=\"async\" width=\"1081\" height=\"676\" src=\"https:\/\/kahea.ai\/wp-content\/uploads\/2025\/07\/blog_article_temp.jpg\" class=\"attachment-full size-full wp-image-2142\" alt=\"\" srcset=\"https:\/\/kahea.ai\/wp-content\/uploads\/2025\/07\/blog_article_temp.jpg 1081w, https:\/\/kahea.ai\/wp-content\/uploads\/2025\/07\/blog_article_temp-300x188.jpg 300w, https:\/\/kahea.ai\/wp-content\/uploads\/2025\/07\/blog_article_temp-1024x640.jpg 1024w, https:\/\/kahea.ai\/wp-content\/uploads\/2025\/07\/blog_article_temp-768x480.jpg 768w\" sizes=\"(max-width: 1081px) 100vw, 1081px\" \/><\/div><\/a>\n\t\t\t\t<div class=\"elementor-post__text\">\n\t\t\t\t<h3 class=\"elementor-post__title\">\n\t\t\t<a href=\"https:\/\/kahea.ai\/es\/ivr-still-matters\/\" >\n\t\t\t\tIVR sigue siendo importante\t\t\t<\/a>\n\t\t<\/h3>\n\t\t\t\t<div class=\"elementor-post__excerpt\">\n\t\t\t<p>Los sistemas de respuesta de voz interactiva (IVR) siguen siendo el canal de servicio de primera l\u00ednea dominante, incluso en la era de los chatbots de inteligencia artificial generativa, porque la mayor\u00eda de los clientes siguen prefiriendo coger el tel\u00e9fono.<\/p>\n\t\t<\/div>\n\t\t\t\t<\/div>\n\t\t\t\t<div class=\"elementor-post__meta-data\">\n\t\t\t\t\t<span class=\"elementor-post-date\">\n\t\t\t8 de agosto de 2025\t\t<\/span>\n\t\t\t\t<\/div>\n\t\t\t\t\t<\/div>\n\t\t<\/article>\n\t\t\t\t<\/div>\n\t\t\n\t\t\t\t\t\t<\/div>\n\t\t\t\t<\/div>\n\t\t\t\t\t<\/div>\n\t\t\t\t<\/div>\n\t\t\t\t<\/div>","protected":false},"excerpt":{"rendered":"<p>Blog Technical topics about Telecoms industry and IT solutions and development.<\/p>","protected":false},"author":2,"featured_media":209,"parent":0,"menu_order":0,"comment_status":"closed","ping_status":"closed","template":"elementor_header_footer","meta":{"footnotes":""},"class_list":["post-2260","page","type-page","status-publish","has-post-thumbnail","hentry"],"yoast_head":"<!-- This site is optimized with the Yoast SEO Premium plugin v24.3 (Yoast SEO v25.2) - https:\/\/yoast.com\/wordpress\/plugins\/seo\/ -->\n<title>Telecom, AI &amp; Open-Source Innovation | Insights from Kahea<\/title>\n<meta name=\"description\" content=\"How can AI, IVR, or open-source tools improve your telecom strategy? Explore insights, trends, and solutions grounded in real-world experience.\" \/>\n<meta name=\"robots\" content=\"index, follow, max-snippet:-1, max-image-preview:large, max-video-preview:-1\" \/>\n<link rel=\"canonical\" href=\"https:\/\/kahea.ai\/es\/blog\/\" \/>\n<meta property=\"og:locale\" content=\"es_ES\" \/>\n<meta property=\"og:type\" content=\"article\" \/>\n<meta property=\"og:title\" content=\"Blog\" \/>\n<meta property=\"og:description\" content=\"How can AI, IVR, or open-source tools improve your telecom strategy? Explore insights, trends, and solutions grounded in real-world experience.\" \/>\n<meta property=\"og:url\" content=\"https:\/\/kahea.ai\/es\/blog\/\" \/>\n<meta property=\"og:site_name\" content=\"Kahea\" \/>\n<meta property=\"article:modified_time\" content=\"2025-08-12T12:02:24+00:00\" \/>\n<meta property=\"og:image\" content=\"https:\/\/kahea.ai\/wp-content\/uploads\/2025\/06\/kahea_thumbnail.png\" \/>\n\t<meta property=\"og:image:width\" content=\"200\" \/>\n\t<meta property=\"og:image:height\" content=\"200\" \/>\n\t<meta property=\"og:image:type\" content=\"image\/png\" \/>\n<meta name=\"twitter:card\" content=\"summary_large_image\" \/>\n<meta name=\"twitter:label1\" content=\"Est. reading time\" \/>\n\t<meta name=\"twitter:data1\" content=\"1 minuto\" \/>\n<script type=\"application\/ld+json\" class=\"yoast-schema-graph\">{\"@context\":\"https:\/\/schema.org\",\"@graph\":[{\"@type\":\"WebPage\",\"@id\":\"https:\/\/kahea.ai\/blog\/\",\"url\":\"https:\/\/kahea.ai\/blog\/\",\"name\":\"Telecom, AI & Open-Source Innovation | Insights from Kahea\",\"isPartOf\":{\"@id\":\"https:\/\/kahea.ai\/#website\"},\"primaryImageOfPage\":{\"@id\":\"https:\/\/kahea.ai\/blog\/#primaryimage\"},\"image\":{\"@id\":\"https:\/\/kahea.ai\/blog\/#primaryimage\"},\"thumbnailUrl\":\"https:\/\/kahea.ai\/wp-content\/uploads\/2025\/06\/kahea_thumbnail.png\",\"datePublished\":\"2025-07-09T20:08:50+00:00\",\"dateModified\":\"2025-08-12T12:02:24+00:00\",\"description\":\"How can AI, IVR, or open-source tools improve your telecom strategy? Explore insights, trends, and solutions grounded in real-world experience.\",\"breadcrumb\":{\"@id\":\"https:\/\/kahea.ai\/blog\/#breadcrumb\"},\"inLanguage\":\"es\",\"potentialAction\":[{\"@type\":\"ReadAction\",\"target\":[\"https:\/\/kahea.ai\/blog\/\"]}]},{\"@type\":\"ImageObject\",\"inLanguage\":\"es\",\"@id\":\"https:\/\/kahea.ai\/blog\/#primaryimage\",\"url\":\"https:\/\/kahea.ai\/wp-content\/uploads\/2025\/06\/kahea_thumbnail.png\",\"contentUrl\":\"https:\/\/kahea.ai\/wp-content\/uploads\/2025\/06\/kahea_thumbnail.png\",\"width\":200,\"height\":200},{\"@type\":\"BreadcrumbList\",\"@id\":\"https:\/\/kahea.ai\/blog\/#breadcrumb\",\"itemListElement\":[{\"@type\":\"ListItem\",\"position\":1,\"name\":\"Home\",\"item\":\"https:\/\/kahea.ai\/\"},{\"@type\":\"ListItem\",\"position\":2,\"name\":\"Blog\"}]},{\"@type\":\"WebSite\",\"@id\":\"https:\/\/kahea.ai\/#website\",\"url\":\"https:\/\/kahea.ai\/\",\"name\":\"Kahea\",\"description\":\"Revolutionizing IVRs for Modern Businesses\",\"publisher\":{\"@id\":\"https:\/\/kahea.ai\/#organization\"},\"potentialAction\":[{\"@type\":\"SearchAction\",\"target\":{\"@type\":\"EntryPoint\",\"urlTemplate\":\"https:\/\/kahea.ai\/?s={search_term_string}\"},\"query-input\":{\"@type\":\"PropertyValueSpecification\",\"valueRequired\":true,\"valueName\":\"search_term_string\"}}],\"inLanguage\":\"es\"},{\"@type\":\"Organization\",\"@id\":\"https:\/\/kahea.ai\/#organization\",\"name\":\"Kahea\",\"url\":\"https:\/\/kahea.ai\/\",\"logo\":{\"@type\":\"ImageObject\",\"inLanguage\":\"es\",\"@id\":\"https:\/\/kahea.ai\/#\/schema\/logo\/image\/\",\"url\":\"https:\/\/kahea.ai\/wp-content\/uploads\/2025\/06\/kahea.svg\",\"contentUrl\":\"https:\/\/kahea.ai\/wp-content\/uploads\/2025\/06\/kahea.svg\",\"caption\":\"Kahea\"},\"image\":{\"@id\":\"https:\/\/kahea.ai\/#\/schema\/logo\/image\/\"}}]}<\/script>\n<!-- \/ Yoast SEO Premium plugin. -->","yoast_head_json":{"title":"Telecom, AI & Open-Source Innovation | Insights from Kahea","description":"How can AI, IVR, or open-source tools improve your telecom strategy? Explore insights, trends, and solutions grounded in real-world experience.","robots":{"index":"index","follow":"follow","max-snippet":"max-snippet:-1","max-image-preview":"max-image-preview:large","max-video-preview":"max-video-preview:-1"},"canonical":"https:\/\/kahea.ai\/es\/blog\/","og_locale":"es_ES","og_type":"article","og_title":"Blog","og_description":"How can AI, IVR, or open-source tools improve your telecom strategy? Explore insights, trends, and solutions grounded in real-world experience.","og_url":"https:\/\/kahea.ai\/es\/blog\/","og_site_name":"Kahea","article_modified_time":"2025-08-12T12:02:24+00:00","og_image":[{"width":200,"height":200,"url":"https:\/\/kahea.ai\/wp-content\/uploads\/2025\/06\/kahea_thumbnail.png","type":"image\/png"}],"twitter_card":"summary_large_image","twitter_misc":{"Est. reading time":"1 minuto"},"schema":{"@context":"https:\/\/schema.org","@graph":[{"@type":"WebPage","@id":"https:\/\/kahea.ai\/blog\/","url":"https:\/\/kahea.ai\/blog\/","name":"Telecom, AI & Open-Source Innovation | Insights from Kahea","isPartOf":{"@id":"https:\/\/kahea.ai\/#website"},"primaryImageOfPage":{"@id":"https:\/\/kahea.ai\/blog\/#primaryimage"},"image":{"@id":"https:\/\/kahea.ai\/blog\/#primaryimage"},"thumbnailUrl":"https:\/\/kahea.ai\/wp-content\/uploads\/2025\/06\/kahea_thumbnail.png","datePublished":"2025-07-09T20:08:50+00:00","dateModified":"2025-08-12T12:02:24+00:00","description":"How can AI, IVR, or open-source tools improve your telecom strategy? Explore insights, trends, and solutions grounded in real-world experience.","breadcrumb":{"@id":"https:\/\/kahea.ai\/blog\/#breadcrumb"},"inLanguage":"es","potentialAction":[{"@type":"ReadAction","target":["https:\/\/kahea.ai\/blog\/"]}]},{"@type":"ImageObject","inLanguage":"es","@id":"https:\/\/kahea.ai\/blog\/#primaryimage","url":"https:\/\/kahea.ai\/wp-content\/uploads\/2025\/06\/kahea_thumbnail.png","contentUrl":"https:\/\/kahea.ai\/wp-content\/uploads\/2025\/06\/kahea_thumbnail.png","width":200,"height":200},{"@type":"BreadcrumbList","@id":"https:\/\/kahea.ai\/blog\/#breadcrumb","itemListElement":[{"@type":"ListItem","position":1,"name":"Home","item":"https:\/\/kahea.ai\/"},{"@type":"ListItem","position":2,"name":"Blog"}]},{"@type":"WebSite","@id":"https:\/\/kahea.ai\/#website","url":"https:\/\/kahea.ai\/","name":"Kahea","description":"Revolutionizing IVRs for Modern Businesses","publisher":{"@id":"https:\/\/kahea.ai\/#organization"},"potentialAction":[{"@type":"SearchAction","target":{"@type":"EntryPoint","urlTemplate":"https:\/\/kahea.ai\/?s={search_term_string}"},"query-input":{"@type":"PropertyValueSpecification","valueRequired":true,"valueName":"search_term_string"}}],"inLanguage":"es"},{"@type":"Organization","@id":"https:\/\/kahea.ai\/#organization","name":"Kahea","url":"https:\/\/kahea.ai\/","logo":{"@type":"ImageObject","inLanguage":"es","@id":"https:\/\/kahea.ai\/#\/schema\/logo\/image\/","url":"https:\/\/kahea.ai\/wp-content\/uploads\/2025\/06\/kahea.svg","contentUrl":"https:\/\/kahea.ai\/wp-content\/uploads\/2025\/06\/kahea.svg","caption":"Kahea"},"image":{"@id":"https:\/\/kahea.ai\/#\/schema\/logo\/image\/"}}]}},"_links":{"self":[{"href":"https:\/\/kahea.ai\/es\/wp-json\/wp\/v2\/pages\/2260","targetHints":{"allow":["GET"]}}],"collection":[{"href":"https:\/\/kahea.ai\/es\/wp-json\/wp\/v2\/pages"}],"about":[{"href":"https:\/\/kahea.ai\/es\/wp-json\/wp\/v2\/types\/page"}],"author":[{"embeddable":true,"href":"https:\/\/kahea.ai\/es\/wp-json\/wp\/v2\/users\/2"}],"replies":[{"embeddable":true,"href":"https:\/\/kahea.ai\/es\/wp-json\/wp\/v2\/comments?post=2260"}],"version-history":[{"count":20,"href":"https:\/\/kahea.ai\/es\/wp-json\/wp\/v2\/pages\/2260\/revisions"}],"predecessor-version":[{"id":2669,"href":"https:\/\/kahea.ai\/es\/wp-json\/wp\/v2\/pages\/2260\/revisions\/2669"}],"wp:featuredmedia":[{"embeddable":true,"href":"https:\/\/kahea.ai\/es\/wp-json\/wp\/v2\/media\/209"}],"wp:attachment":[{"href":"https:\/\/kahea.ai\/es\/wp-json\/wp\/v2\/media?parent=2260"}],"curies":[{"name":"wp","href":"https:\/\/api.w.org\/{rel}","templated":true}]}}