{"id":368,"date":"2025-06-06T19:34:37","date_gmt":"2025-06-06T19:34:37","guid":{"rendered":"https:\/\/kahea.ai\/?page_id=368"},"modified":"2025-06-06T19:38:38","modified_gmt":"2025-06-06T19:38:38","slug":"thank-you-page-contacts","status":"publish","type":"page","link":"https:\/\/kahea.ai\/fr\/page-de-remerciement-contacts\/","title":{"rendered":"Page de remerciement - Contacts"},"content":{"rendered":"<div data-elementor-type=\"wp-page\" data-elementor-id=\"368\" class=\"elementor elementor-368\" data-elementor-post-type=\"page\">\n\t\t\t\t<div class=\"elementor-element elementor-element-081fbc8 e-flex e-con-boxed e-con e-parent\" data-id=\"081fbc8\" data-element_type=\"container\" data-settings=\"{&quot;background_background&quot;:&quot;classic&quot;}\">\n\t\t\t\t\t<div class=\"e-con-inner\">\n\t\t\t\t<div class=\"elementor-element elementor-element-e5c6e27 elementor-widget elementor-widget-image\" data-id=\"e5c6e27\" data-element_type=\"widget\" data-widget_type=\"image.default\">\n\t\t\t\t<div class=\"elementor-widget-container\">\n\t\t\t\t\t\t\t\t\t\t\t\t\t\t\t<img decoding=\"async\" width=\"148\" height=\"148\" src=\"https:\/\/kahea.ai\/wp-content\/uploads\/2025\/06\/logo_icons.png\" class=\"attachment-full size-full wp-image-326\" alt=\"\" \/>\t\t\t\t\t\t\t\t\t\t\t\t\t\t\t<\/div>\n\t\t\t\t<\/div>\n\t\t\t\t<div class=\"elementor-element elementor-element-1d04bcc elementor-widget__width-inherit elementor-widget-tablet__width-inherit elementor-widget-mobile__width-initial elementor-widget elementor-widget-text-editor\" data-id=\"1d04bcc\" data-element_type=\"widget\" data-widget_type=\"text-editor.default\">\n\t\t\t\t<div class=\"elementor-widget-container\">\n\t\t\t\t\t\t\t\t\t<p>KAHEA - Solution IVR bas\u00e9e sur l'informatique d\u00e9mat\u00e9rialis\u00e9e<\/p>\t\t\t\t\t\t\t\t<\/div>\n\t\t\t\t<\/div>\n\t\t\t\t<div class=\"elementor-element elementor-element-f324c91 elementor-widget elementor-widget-heading\" data-id=\"f324c91\" data-element_type=\"widget\" data-widget_type=\"heading.default\">\n\t\t\t\t<div class=\"elementor-widget-container\">\n\t\t\t\t\t<h1 class=\"elementor-heading-title elementor-size-default\">Message envoy\u00e9<\/h1>\t\t\t\t<\/div>\n\t\t\t\t<\/div>\n\t\t\t\t<div class=\"elementor-element elementor-element-7bb33da elementor-widget__width-inherit elementor-widget-tablet__width-initial elementor-widget-mobile__width-initial elementor-widget elementor-widget-text-editor\" data-id=\"7bb33da\" data-element_type=\"widget\" data-widget_type=\"text-editor.default\">\n\t\t\t\t<div class=\"elementor-widget-container\">\n\t\t\t\t\t\t\t\t\t<p>Merci de nous avoir contact\u00e9s, nous vous r\u00e9pondrons dans les plus brefs d\u00e9lais.<\/p>\t\t\t\t\t\t\t\t<\/div>\n\t\t\t\t<\/div>\n\t\t\t\t<div class=\"elementor-element elementor-element-f6c8664 elementor-tablet-align-center elementor-mobile-align-center elementor-align-center elementor-widget elementor-widget-button\" data-id=\"f6c8664\" data-element_type=\"widget\" data-widget_type=\"button.default\">\n\t\t\t\t<div class=\"elementor-widget-container\">\n\t\t\t\t\t\t\t\t\t<div class=\"elementor-button-wrapper\">\n\t\t\t\t\t<a class=\"elementor-button elementor-button-link elementor-size-sm\" href=\"https:\/\/kahea.ai\/fr\">\n\t\t\t\t\t\t<span class=\"elementor-button-content-wrapper\">\n\t\t\t\t\t\t\t\t\t<span class=\"elementor-button-text\">Retour \u00e0 l'accueil<\/span>\n\t\t\t\t\t<\/span>\n\t\t\t\t\t<\/a>\n\t\t\t\t<\/div>\n\t\t\t\t\t\t\t\t<\/div>\n\t\t\t\t<\/div>\n\t\t\t\t\t<\/div>\n\t\t\t\t<\/div>\n\t\t\t\t<\/div>","protected":false},"excerpt":{"rendered":"<p>KAHEA &#8211; Cloud based IVR solution Message Sent Thank you for contacting us, we will respond as soon as possible. Back to home<\/p>","protected":false},"author":2,"featured_media":209,"parent":0,"menu_order":0,"comment_status":"closed","ping_status":"closed","template":"elementor_header_footer","meta":{"footnotes":""},"class_list":["post-368","page","type-page","status-publish","has-post-thumbnail","hentry"],"yoast_head":"<!-- This site is optimized with the Yoast SEO Premium plugin v24.3 (Yoast SEO v25.2) - https:\/\/yoast.com\/wordpress\/plugins\/seo\/ -->\n<title>Revolutionizing IVRs for Modern Businesses<\/title>\n<meta name=\"description\" content=\"Use this section to describe your company and the products or services you offer. The goal is to create a connection with the visitor and give them confidence to build a relationship with you.\" \/>\n<meta name=\"robots\" content=\"index, follow, max-snippet:-1, max-image-preview:large, max-video-preview:-1\" \/>\n<link rel=\"canonical\" href=\"https:\/\/kahea.ai\/fr\/page-de-remerciement-contacts\/\" \/>\n<meta property=\"og:locale\" content=\"fr_FR\" \/>\n<meta property=\"og:type\" content=\"article\" \/>\n<meta property=\"og:title\" content=\"Thank you page - Contacts\" \/>\n<meta property=\"og:description\" content=\"Use this section to describe your company and the products or services you offer. The goal is to create a connection with the visitor and give them confidence to build a relationship with you.\" \/>\n<meta property=\"og:url\" content=\"https:\/\/kahea.ai\/fr\/page-de-remerciement-contacts\/\" \/>\n<meta property=\"og:site_name\" content=\"Kahea\" \/>\n<meta property=\"article:modified_time\" content=\"2025-06-06T19:38:38+00:00\" \/>\n<meta property=\"og:image\" content=\"https:\/\/kahea.ai\/wp-content\/uploads\/2025\/06\/kahea_thumbnail.png\" \/>\n\t<meta property=\"og:image:width\" content=\"200\" \/>\n\t<meta property=\"og:image:height\" content=\"200\" \/>\n\t<meta property=\"og:image:type\" content=\"image\/png\" \/>\n<meta name=\"twitter:card\" content=\"summary_large_image\" \/>\n<meta name=\"twitter:label1\" content=\"Est. reading time\" \/>\n\t<meta name=\"twitter:data1\" content=\"1 minute\" \/>\n<script type=\"application\/ld+json\" class=\"yoast-schema-graph\">{\"@context\":\"https:\/\/schema.org\",\"@graph\":[{\"@type\":\"WebPage\",\"@id\":\"https:\/\/kahea.ai\/thank-you-page-contacts\/\",\"url\":\"https:\/\/kahea.ai\/thank-you-page-contacts\/\",\"name\":\"Revolutionizing IVRs for Modern Businesses\",\"isPartOf\":{\"@id\":\"https:\/\/kahea.ai\/#website\"},\"primaryImageOfPage\":{\"@id\":\"https:\/\/kahea.ai\/thank-you-page-contacts\/#primaryimage\"},\"image\":{\"@id\":\"https:\/\/kahea.ai\/thank-you-page-contacts\/#primaryimage\"},\"thumbnailUrl\":\"https:\/\/kahea.ai\/wp-content\/uploads\/2025\/06\/kahea_thumbnail.png\",\"datePublished\":\"2025-06-06T19:34:37+00:00\",\"dateModified\":\"2025-06-06T19:38:38+00:00\",\"description\":\"Use this section to describe your company and the products or services you offer. The goal is to create a connection with the visitor and give them confidence to build a relationship with you.\",\"breadcrumb\":{\"@id\":\"https:\/\/kahea.ai\/thank-you-page-contacts\/#breadcrumb\"},\"inLanguage\":\"fr-FR\",\"potentialAction\":[{\"@type\":\"ReadAction\",\"target\":[\"https:\/\/kahea.ai\/thank-you-page-contacts\/\"]}]},{\"@type\":\"ImageObject\",\"inLanguage\":\"fr-FR\",\"@id\":\"https:\/\/kahea.ai\/thank-you-page-contacts\/#primaryimage\",\"url\":\"https:\/\/kahea.ai\/wp-content\/uploads\/2025\/06\/kahea_thumbnail.png\",\"contentUrl\":\"https:\/\/kahea.ai\/wp-content\/uploads\/2025\/06\/kahea_thumbnail.png\",\"width\":200,\"height\":200},{\"@type\":\"BreadcrumbList\",\"@id\":\"https:\/\/kahea.ai\/thank-you-page-contacts\/#breadcrumb\",\"itemListElement\":[{\"@type\":\"ListItem\",\"position\":1,\"name\":\"Home\",\"item\":\"https:\/\/kahea.ai\/\"},{\"@type\":\"ListItem\",\"position\":2,\"name\":\"Thank you page &#8211; Contacts\"}]},{\"@type\":\"WebSite\",\"@id\":\"https:\/\/kahea.ai\/#website\",\"url\":\"https:\/\/kahea.ai\/\",\"name\":\"Kahea\",\"description\":\"Revolutionizing IVRs for Modern Businesses\",\"publisher\":{\"@id\":\"https:\/\/kahea.ai\/#organization\"},\"potentialAction\":[{\"@type\":\"SearchAction\",\"target\":{\"@type\":\"EntryPoint\",\"urlTemplate\":\"https:\/\/kahea.ai\/?s={search_term_string}\"},\"query-input\":{\"@type\":\"PropertyValueSpecification\",\"valueRequired\":true,\"valueName\":\"search_term_string\"}}],\"inLanguage\":\"fr-FR\"},{\"@type\":\"Organization\",\"@id\":\"https:\/\/kahea.ai\/#organization\",\"name\":\"Kahea\",\"url\":\"https:\/\/kahea.ai\/\",\"logo\":{\"@type\":\"ImageObject\",\"inLanguage\":\"fr-FR\",\"@id\":\"https:\/\/kahea.ai\/#\/schema\/logo\/image\/\",\"url\":\"https:\/\/kahea.ai\/wp-content\/uploads\/2025\/06\/kahea.svg\",\"contentUrl\":\"https:\/\/kahea.ai\/wp-content\/uploads\/2025\/06\/kahea.svg\",\"caption\":\"Kahea\"},\"image\":{\"@id\":\"https:\/\/kahea.ai\/#\/schema\/logo\/image\/\"}}]}<\/script>\n<!-- \/ Yoast SEO Premium plugin. -->","yoast_head_json":{"title":"Revolutionizing IVRs for Modern Businesses","description":"Use this section to describe your company and the products or services you offer. The goal is to create a connection with the visitor and give them confidence to build a relationship with you.","robots":{"index":"index","follow":"follow","max-snippet":"max-snippet:-1","max-image-preview":"max-image-preview:large","max-video-preview":"max-video-preview:-1"},"canonical":"https:\/\/kahea.ai\/fr\/page-de-remerciement-contacts\/","og_locale":"fr_FR","og_type":"article","og_title":"Thank you page - Contacts","og_description":"Use this section to describe your company and the products or services you offer. The goal is to create a connection with the visitor and give them confidence to build a relationship with you.","og_url":"https:\/\/kahea.ai\/fr\/page-de-remerciement-contacts\/","og_site_name":"Kahea","article_modified_time":"2025-06-06T19:38:38+00:00","og_image":[{"width":200,"height":200,"url":"https:\/\/kahea.ai\/wp-content\/uploads\/2025\/06\/kahea_thumbnail.png","type":"image\/png"}],"twitter_card":"summary_large_image","twitter_misc":{"Est. reading time":"1 minute"},"schema":{"@context":"https:\/\/schema.org","@graph":[{"@type":"WebPage","@id":"https:\/\/kahea.ai\/thank-you-page-contacts\/","url":"https:\/\/kahea.ai\/thank-you-page-contacts\/","name":"Revolutionizing IVRs for Modern Businesses","isPartOf":{"@id":"https:\/\/kahea.ai\/#website"},"primaryImageOfPage":{"@id":"https:\/\/kahea.ai\/thank-you-page-contacts\/#primaryimage"},"image":{"@id":"https:\/\/kahea.ai\/thank-you-page-contacts\/#primaryimage"},"thumbnailUrl":"https:\/\/kahea.ai\/wp-content\/uploads\/2025\/06\/kahea_thumbnail.png","datePublished":"2025-06-06T19:34:37+00:00","dateModified":"2025-06-06T19:38:38+00:00","description":"Use this section to describe your company and the products or services you offer. The goal is to create a connection with the visitor and give them confidence to build a relationship with you.","breadcrumb":{"@id":"https:\/\/kahea.ai\/thank-you-page-contacts\/#breadcrumb"},"inLanguage":"fr-FR","potentialAction":[{"@type":"ReadAction","target":["https:\/\/kahea.ai\/thank-you-page-contacts\/"]}]},{"@type":"ImageObject","inLanguage":"fr-FR","@id":"https:\/\/kahea.ai\/thank-you-page-contacts\/#primaryimage","url":"https:\/\/kahea.ai\/wp-content\/uploads\/2025\/06\/kahea_thumbnail.png","contentUrl":"https:\/\/kahea.ai\/wp-content\/uploads\/2025\/06\/kahea_thumbnail.png","width":200,"height":200},{"@type":"BreadcrumbList","@id":"https:\/\/kahea.ai\/thank-you-page-contacts\/#breadcrumb","itemListElement":[{"@type":"ListItem","position":1,"name":"Home","item":"https:\/\/kahea.ai\/"},{"@type":"ListItem","position":2,"name":"Thank you page &#8211; Contacts"}]},{"@type":"WebSite","@id":"https:\/\/kahea.ai\/#website","url":"https:\/\/kahea.ai\/","name":"Kahea","description":"Revolutionizing IVRs for Modern Businesses","publisher":{"@id":"https:\/\/kahea.ai\/#organization"},"potentialAction":[{"@type":"SearchAction","target":{"@type":"EntryPoint","urlTemplate":"https:\/\/kahea.ai\/?s={search_term_string}"},"query-input":{"@type":"PropertyValueSpecification","valueRequired":true,"valueName":"search_term_string"}}],"inLanguage":"fr-FR"},{"@type":"Organization","@id":"https:\/\/kahea.ai\/#organization","name":"Kahea","url":"https:\/\/kahea.ai\/","logo":{"@type":"ImageObject","inLanguage":"fr-FR","@id":"https:\/\/kahea.ai\/#\/schema\/logo\/image\/","url":"https:\/\/kahea.ai\/wp-content\/uploads\/2025\/06\/kahea.svg","contentUrl":"https:\/\/kahea.ai\/wp-content\/uploads\/2025\/06\/kahea.svg","caption":"Kahea"},"image":{"@id":"https:\/\/kahea.ai\/#\/schema\/logo\/image\/"}}]}},"_links":{"self":[{"href":"https:\/\/kahea.ai\/fr\/wp-json\/wp\/v2\/pages\/368","targetHints":{"allow":["GET"]}}],"collection":[{"href":"https:\/\/kahea.ai\/fr\/wp-json\/wp\/v2\/pages"}],"about":[{"href":"https:\/\/kahea.ai\/fr\/wp-json\/wp\/v2\/types\/page"}],"author":[{"embeddable":true,"href":"https:\/\/kahea.ai\/fr\/wp-json\/wp\/v2\/users\/2"}],"replies":[{"embeddable":true,"href":"https:\/\/kahea.ai\/fr\/wp-json\/wp\/v2\/comments?post=368"}],"version-history":[{"count":7,"href":"https:\/\/kahea.ai\/fr\/wp-json\/wp\/v2\/pages\/368\/revisions"}],"predecessor-version":[{"id":379,"href":"https:\/\/kahea.ai\/fr\/wp-json\/wp\/v2\/pages\/368\/revisions\/379"}],"wp:featuredmedia":[{"embeddable":true,"href":"https:\/\/kahea.ai\/fr\/wp-json\/wp\/v2\/media\/209"}],"wp:attachment":[{"href":"https:\/\/kahea.ai\/fr\/wp-json\/wp\/v2\/media?parent=368"}],"curies":[{"name":"wp","href":"https:\/\/api.w.org\/{rel}","templated":true}]}}